{"id":1387,"date":"2015-05-25T15:01:29","date_gmt":"2015-05-25T15:01:29","guid":{"rendered":"http:\/\/restaurantelasarenas.es\/?page_id=1387"},"modified":"2015-05-25T15:03:17","modified_gmt":"2015-05-25T15:03:17","slug":"history","status":"publish","type":"page","link":"https:\/\/restaurantelasarenas.es\/en\/history\/","title":{"rendered":"History"},"content":{"rendered":"<div class=\"wpb-content-wrapper\"><p>[vc_row full_width=&#8221;true&#8221; parallax_speed=&#8221;0.8&#8243; bg_video_transparent=&#8221;0.6&#8243; css=&#8221;.vc_custom_1430253567284{padding-top: 150px !important;padding-bottom: 150px !important;background-image: url(http:\/\/restaurantelasarenas.es\/wp-content\/uploads\/2015\/03\/Las-Arenas116.jpg?id=1170) !important;}&#8221; type=&#8221;ww-custom&#8221; enable_parallax=&#8221;false&#8221; bg_video_color=&#8221;#000000&#8243; row_responsive_large=&#8221;&#8221; row_responsive_medium=&#8221;&#8221; row_responsive_small=&#8221;&#8221; row_responsive_extra_small=&#8221;&#8221; same_height=&#8221;&#8221;][vc_column width=&#8221;1\/1&#8243;][vc_column_text]<\/p>\n<h1 style=\"text-align: center; padding-bottom: 15px; font-size: 78px;\">Good Food As Tradition<\/h1>\n<p>[\/vc_column_text][\/vc_column][\/vc_row][vc_row css=&#8221;.vc_custom_1411468502120{padding-top: 80px !important;padding-bottom: 80px !important;}&#8221; full_width=&#8221;false&#8221; parallax_speed=&#8221;0.8&#8243; bg_video_transparent=&#8221;0&#8243;][vc_column width=&#8221;1\/2&#8243;][vc_column_text]<\/p>\n<h1 style=\"font-size: 58px; line-height: 66px;\">Who We Are<\/h1>\n<p class=\"p1\">Restaurant LAS ARENAS has set the standard for fresh fish in Tenerife and Canary Island cuisine in general.<br \/>\nIt was then that Don Manuel Hern\u00e1ndez and Mar\u00eda Jos\u00e9 Gonz\u00e1lez (Mari) opened the restaurant \u2013 a dream locale dedicated to the very best in Canary Island fish and seafood, and one that, thanks to the quality and freshness of its produce and the exquisite care taken in the preparation of its dishes, soon became a benchmark restaurant in the southern part of Tenerife on the way into Tajao.<\/p>\n<p class=\"p1\">Today, co-managed by their sons, Restaurant Las Arenas is considered one of the best fish restaurants in the south of the island.<\/p>\n<p>[\/vc_column_text][\/vc_column][vc_column width=&#8221;1\/2&#8243;][vc_single_image image=&#8221;1212&#8243; alignment=&#8221;center&#8221; border_color=&#8221;grey&#8221; img_link_target=&#8221;_self&#8221; img_size=&#8221;533 \u00d7 595&#8243; img_link_large=&#8221;&#8221;][\/vc_column][\/vc_row][vc_row css=&#8221;.vc_custom_1411468502120{padding-top: 80px !important;padding-bottom: 80px !important;}&#8221; full_width=&#8221;false&#8221; parallax_speed=&#8221;0.8&#8243; bg_video_transparent=&#8221;0&#8243;][vc_column width=&#8221;1\/2&#8243;][vc_single_image image=&#8221;1210&#8243; alignment=&#8221;center&#8221; border_color=&#8221;grey&#8221; img_link_target=&#8221;_self&#8221; img_size=&#8221;533 \u00d7 595&#8243; img_link_large=&#8221;&#8221;][\/vc_column][vc_column width=&#8221;1\/2&#8243;][vc_column_text]<\/p>\n<h1 style=\"font-size: 58px; line-height: 66px;\">Origins<\/h1>\n<p class=\"p1\">After 17 years, Restaurant Las Arenas remains faithful to one concept, namely, using top quality fish and seafood as the foundation for its cuisine. In order to achieve this, the restaurant receives the freshest, best quality fish and seafood every day from local fishermen and fishermen\u2019s guilds, preparing them in accordance with the finest Canary Island tradition.<\/p>\n<p class=\"p1\">Las Arenas, however, is not just about fish and seafood, our menu also includes a variety of salads, home-made desserts and fresh fruit and accompanied by a selection of local and Spanish wines that will delight even the most discerning palates. In a nutshell, Canary Island recipes made from top quality produce and to which Restaurant Las Arenas adds its uniquely professional touch in an effort to attain perfection. In our house, cuisine is our raison d&#8217;\u00eatre.<\/p>\n<p>[\/vc_column_text][\/vc_column][\/vc_row]<\/p>\n<\/div>","protected":false},"excerpt":{"rendered":"<p>[vc_row full_width=&#8221;true&#8221; parallax_speed=&#8221;0.8&#8243; bg_video_transparent=&#8221;0.6&#8243; css=&#8221;.vc_custom_1430253567284{padding-top: 150px !important;padding-bottom: 150px !important;background-image: url(http:\/\/restaurantelasarenas.es\/wp-content\/uploads\/2015\/03\/Las-Arenas116.jpg?id=1170) !important;}&#8221; type=&#8221;ww-custom&#8221; enable_parallax=&#8221;false&#8221; bg_video_color=&#8221;#000000&#8243; row_responsive_large=&#8221;&#8221; row_responsive_medium=&#8221;&#8221; row_responsive_small=&#8221;&#8221; row_responsive_extra_small=&#8221;&#8221; same_height=&#8221;&#8221;][vc_column width=&#8221;1\/1&#8243;][vc_column_text] Good Food As Tradition [\/vc_column_text][\/vc_column][\/vc_row][vc_row css=&#8221;.vc_custom_1411468502120{padding-top: 80px !important;padding-bottom: 80px !important;}&#8221; full_width=&#8221;false&#8221; parallax_speed=&#8221;0.8&#8243; bg_video_transparent=&#8221;0&#8243;][vc_column width=&#8221;1\/2&#8243;][vc_column_text] Who We Are Restaurant LAS ARENAS has set the standard for fresh fish in Tenerife and Canary Island cuisine in general. [&hellip;]<\/p>\n","protected":false},"author":1,"featured_media":0,"parent":0,"menu_order":0,"comment_status":"closed","ping_status":"closed","template":"","meta":{"footnotes":""},"class_list":["post-1387","page","type-page","status-publish","hentry"],"yoast_head":"<!-- This site is optimized with the Yoast SEO plugin v27.2 - https:\/\/yoast.com\/product\/yoast-seo-wordpress\/ -->\n<title>History - Restaurante Las Arenas<\/title>\n<meta name=\"robots\" content=\"index, follow, max-snippet:-1, max-image-preview:large, max-video-preview:-1\" \/>\n<link rel=\"canonical\" href=\"https:\/\/restaurantelasarenas.es\/en\/history\/\" \/>\n<meta property=\"og:locale\" content=\"en_US\" \/>\n<meta property=\"og:type\" content=\"article\" \/>\n<meta property=\"og:title\" content=\"History - Restaurante Las Arenas\" \/>\n<meta property=\"og:description\" content=\"[vc_row full_width=&#8221;true&#8221; parallax_speed=&#8221;0.8&#8243; bg_video_transparent=&#8221;0.6&#8243; css=&#8221;.vc_custom_1430253567284{padding-top: 150px !important;padding-bottom: 150px !important;background-image: url(http:\/\/restaurantelasarenas.es\/wp-content\/uploads\/2015\/03\/Las-Arenas116.jpg?id=1170) !important;}&#8221; type=&#8221;ww-custom&#8221; enable_parallax=&#8221;false&#8221; bg_video_color=&#8221;#000000&#8243; row_responsive_large=&#8221;&#8221; row_responsive_medium=&#8221;&#8221; row_responsive_small=&#8221;&#8221; row_responsive_extra_small=&#8221;&#8221; same_height=&#8221;&#8221;][vc_column width=&#8221;1\/1&#8243;][vc_column_text] Good Food As Tradition [\/vc_column_text][\/vc_column][\/vc_row][vc_row css=&#8221;.vc_custom_1411468502120{padding-top: 80px !important;padding-bottom: 80px !important;}&#8221; full_width=&#8221;false&#8221; parallax_speed=&#8221;0.8&#8243; bg_video_transparent=&#8221;0&#8243;][vc_column width=&#8221;1\/2&#8243;][vc_column_text] Who We Are Restaurant LAS ARENAS has set the standard for fresh fish in Tenerife and Canary Island cuisine in general. [&hellip;]\" \/>\n<meta property=\"og:url\" content=\"https:\/\/restaurantelasarenas.es\/en\/history\/\" \/>\n<meta property=\"og:site_name\" content=\"Restaurante Las Arenas\" \/>\n<meta property=\"article:modified_time\" content=\"2015-05-25T15:03:17+00:00\" \/>\n<meta name=\"twitter:card\" content=\"summary_large_image\" \/>\n<meta name=\"twitter:label1\" content=\"Est. reading time\" \/>\n\t<meta name=\"twitter:data1\" content=\"2 minutes\" \/>\n<script type=\"application\/ld+json\" class=\"yoast-schema-graph\">{\"@context\":\"https:\/\/schema.org\",\"@graph\":[{\"@type\":\"WebPage\",\"@id\":\"https:\/\/restaurantelasarenas.es\/en\/history\/\",\"url\":\"https:\/\/restaurantelasarenas.es\/en\/history\/\",\"name\":\"History - Restaurante Las Arenas\",\"isPartOf\":{\"@id\":\"https:\/\/restaurantelasarenas.es\/en\/#website\"},\"datePublished\":\"2015-05-25T15:01:29+00:00\",\"dateModified\":\"2015-05-25T15:03:17+00:00\",\"breadcrumb\":{\"@id\":\"https:\/\/restaurantelasarenas.es\/en\/history\/#breadcrumb\"},\"inLanguage\":\"en-US\",\"potentialAction\":[{\"@type\":\"ReadAction\",\"target\":[\"https:\/\/restaurantelasarenas.es\/en\/history\/\"]}]},{\"@type\":\"BreadcrumbList\",\"@id\":\"https:\/\/restaurantelasarenas.es\/en\/history\/#breadcrumb\",\"itemListElement\":[{\"@type\":\"ListItem\",\"position\":1,\"name\":\"Portada\",\"item\":\"https:\/\/restaurantelasarenas.es\/en\/\"},{\"@type\":\"ListItem\",\"position\":2,\"name\":\"History\"}]},{\"@type\":\"WebSite\",\"@id\":\"https:\/\/restaurantelasarenas.es\/en\/#website\",\"url\":\"https:\/\/restaurantelasarenas.es\/en\/\",\"name\":\"Restaurante Las Arenas\",\"description\":\"El mejor pescado fresco de Tenerife\",\"potentialAction\":[{\"@type\":\"SearchAction\",\"target\":{\"@type\":\"EntryPoint\",\"urlTemplate\":\"https:\/\/restaurantelasarenas.es\/en\/?s={search_term_string}\"},\"query-input\":{\"@type\":\"PropertyValueSpecification\",\"valueRequired\":true,\"valueName\":\"search_term_string\"}}],\"inLanguage\":\"en-US\"}]}<\/script>\n<!-- \/ Yoast SEO plugin. -->","yoast_head_json":{"title":"History - Restaurante Las Arenas","robots":{"index":"index","follow":"follow","max-snippet":"max-snippet:-1","max-image-preview":"max-image-preview:large","max-video-preview":"max-video-preview:-1"},"canonical":"https:\/\/restaurantelasarenas.es\/en\/history\/","og_locale":"en_US","og_type":"article","og_title":"History - Restaurante Las Arenas","og_description":"[vc_row full_width=&#8221;true&#8221; parallax_speed=&#8221;0.8&#8243; bg_video_transparent=&#8221;0.6&#8243; css=&#8221;.vc_custom_1430253567284{padding-top: 150px !important;padding-bottom: 150px !important;background-image: url(http:\/\/restaurantelasarenas.es\/wp-content\/uploads\/2015\/03\/Las-Arenas116.jpg?id=1170) !important;}&#8221; type=&#8221;ww-custom&#8221; enable_parallax=&#8221;false&#8221; bg_video_color=&#8221;#000000&#8243; row_responsive_large=&#8221;&#8221; row_responsive_medium=&#8221;&#8221; row_responsive_small=&#8221;&#8221; row_responsive_extra_small=&#8221;&#8221; same_height=&#8221;&#8221;][vc_column width=&#8221;1\/1&#8243;][vc_column_text] Good Food As Tradition [\/vc_column_text][\/vc_column][\/vc_row][vc_row css=&#8221;.vc_custom_1411468502120{padding-top: 80px !important;padding-bottom: 80px !important;}&#8221; full_width=&#8221;false&#8221; parallax_speed=&#8221;0.8&#8243; bg_video_transparent=&#8221;0&#8243;][vc_column width=&#8221;1\/2&#8243;][vc_column_text] Who We Are Restaurant LAS ARENAS has set the standard for fresh fish in Tenerife and Canary Island cuisine in general. [&hellip;]","og_url":"https:\/\/restaurantelasarenas.es\/en\/history\/","og_site_name":"Restaurante Las Arenas","article_modified_time":"2015-05-25T15:03:17+00:00","twitter_card":"summary_large_image","twitter_misc":{"Est. reading time":"2 minutes"},"schema":{"@context":"https:\/\/schema.org","@graph":[{"@type":"WebPage","@id":"https:\/\/restaurantelasarenas.es\/en\/history\/","url":"https:\/\/restaurantelasarenas.es\/en\/history\/","name":"History - Restaurante Las Arenas","isPartOf":{"@id":"https:\/\/restaurantelasarenas.es\/en\/#website"},"datePublished":"2015-05-25T15:01:29+00:00","dateModified":"2015-05-25T15:03:17+00:00","breadcrumb":{"@id":"https:\/\/restaurantelasarenas.es\/en\/history\/#breadcrumb"},"inLanguage":"en-US","potentialAction":[{"@type":"ReadAction","target":["https:\/\/restaurantelasarenas.es\/en\/history\/"]}]},{"@type":"BreadcrumbList","@id":"https:\/\/restaurantelasarenas.es\/en\/history\/#breadcrumb","itemListElement":[{"@type":"ListItem","position":1,"name":"Portada","item":"https:\/\/restaurantelasarenas.es\/en\/"},{"@type":"ListItem","position":2,"name":"History"}]},{"@type":"WebSite","@id":"https:\/\/restaurantelasarenas.es\/en\/#website","url":"https:\/\/restaurantelasarenas.es\/en\/","name":"Restaurante Las Arenas","description":"El mejor pescado fresco de Tenerife","potentialAction":[{"@type":"SearchAction","target":{"@type":"EntryPoint","urlTemplate":"https:\/\/restaurantelasarenas.es\/en\/?s={search_term_string}"},"query-input":{"@type":"PropertyValueSpecification","valueRequired":true,"valueName":"search_term_string"}}],"inLanguage":"en-US"}]}},"_links":{"self":[{"href":"https:\/\/restaurantelasarenas.es\/en\/wp-json\/wp\/v2\/pages\/1387","targetHints":{"allow":["GET"]}}],"collection":[{"href":"https:\/\/restaurantelasarenas.es\/en\/wp-json\/wp\/v2\/pages"}],"about":[{"href":"https:\/\/restaurantelasarenas.es\/en\/wp-json\/wp\/v2\/types\/page"}],"author":[{"embeddable":true,"href":"https:\/\/restaurantelasarenas.es\/en\/wp-json\/wp\/v2\/users\/1"}],"replies":[{"embeddable":true,"href":"https:\/\/restaurantelasarenas.es\/en\/wp-json\/wp\/v2\/comments?post=1387"}],"version-history":[{"count":2,"href":"https:\/\/restaurantelasarenas.es\/en\/wp-json\/wp\/v2\/pages\/1387\/revisions"}],"predecessor-version":[{"id":1391,"href":"https:\/\/restaurantelasarenas.es\/en\/wp-json\/wp\/v2\/pages\/1387\/revisions\/1391"}],"wp:attachment":[{"href":"https:\/\/restaurantelasarenas.es\/en\/wp-json\/wp\/v2\/media?parent=1387"}],"curies":[{"name":"wp","href":"https:\/\/api.w.org\/{rel}","templated":true}]}}